{"id":15612,"date":"2025-04-30T14:25:21","date_gmt":"2025-04-30T11:25:21","guid":{"rendered":"https:\/\/www.demarine.net\/?page_id=15612"},"modified":"2025-04-30T14:30:42","modified_gmt":"2025-04-30T11:30:42","slug":"misyon","status":"publish","type":"page","link":"https:\/\/www.demarine.net\/index.php\/misyon\/","title":{"rendered":"Misyon"},"content":{"rendered":"\t\t<div data-elementor-type=\"wp-page\" data-elementor-id=\"15612\" class=\"elementor elementor-15612\" data-elementor-settings=\"{&quot;ha_cmc_init_switcher&quot;:&quot;no&quot;}\" data-elementor-post-type=\"page\">\n\t\t\t\t<div class=\"wd-negative-gap elementor-element elementor-element-bc2790a e-flex e-con-boxed e-con e-parent\" data-id=\"bc2790a\" data-element_type=\"container\" data-settings=\"{&quot;_ha_eqh_enable&quot;:false}\">\n\t\t\t\t\t<div class=\"e-con-inner\">\n\t\t\t\t\t<\/div>\n\t\t\t\t<\/div>\n\t\t<div class=\"wd-negative-gap elementor-element elementor-element-afe2a34 e-flex e-con-boxed e-con e-parent\" data-id=\"afe2a34\" data-element_type=\"container\" data-settings=\"{&quot;_ha_eqh_enable&quot;:false}\">\n\t\t\t\t\t<div class=\"e-con-inner\">\n\t\t\t\t<div class=\"elementor-element elementor-element-46b0f54 ha-infobox-media-dir-left elementor-widget elementor-widget-ha-infobox happy-addon ha-infobox\" data-id=\"46b0f54\" data-element_type=\"widget\" data-widget_type=\"ha-infobox.default\">\n\t\t\t\t<div class=\"elementor-widget-container\">\n\t\t\t\t\t\n\t\t\t\t\t<figure class=\"ha-infobox-figure ha-infobox-figure--icon\">\n\t\t\t\t<svg aria-hidden=\"true\" class=\"e-font-icon-svg e-fas-circle-notch\" viewBox=\"0 0 512 512\" xmlns=\"http:\/\/www.w3.org\/2000\/svg\"><path d=\"M288 39.056v16.659c0 10.804 7.281 20.159 17.686 23.066C383.204 100.434 440 171.518 440 256c0 101.689-82.295 184-184 184-101.689 0-184-82.295-184-184 0-84.47 56.786-155.564 134.312-177.219C216.719 75.874 224 66.517 224 55.712V39.064c0-15.709-14.834-27.153-30.046-23.234C86.603 43.482 7.394 141.206 8.003 257.332c.72 137.052 111.477 246.956 248.531 246.667C393.255 503.711 504 392.788 504 256c0-115.633-79.14-212.779-186.211-240.236C302.678 11.889 288 23.456 288 39.056z\"><\/path><\/svg>\t\t\t<\/figure>\n\t\t\n\t\t<div class=\"ha-infobox-body\">\n\t\t\t<h2 class=\"ha-infobox-title\">M\u0130SYON<\/h2>\n\t\t\t\t\t\t\t<div class=\"ha-infobox-text\">\n\t\t\t\t\t<p>Bu heyecan verici yolculu\u011fa \u00e7\u0131kt\u0131\u011f\u0131m\u0131zda misyonumuz a\u00e7\u0131k: gelece\u011fin su \u00fcr\u00fcnleri yeti\u015ftiricili\u011finin sa\u011fl\u0131\u011f\u0131n\u0131 ve b\u00fcy\u00fcmesini destekleyen yenilik\u00e7i, y\u00fcksek kaliteli yem \u00e7\u00f6z\u00fcmleri sunmak.\n\u015eirketin slogan\u0131 olan \"Biz Yeni Maviyiz\", bir slogandan \u00e7ok daha fazlas\u0131n\u0131 ifade ediyor; s\u00fcrd\u00fcr\u00fclebilir su \u00fcr\u00fcnleri yeti\u015ftiricili\u011finde hem sorumlu hem de ileriyi d\u00fc\u015f\u00fcnen yeni bir \u00e7a\u011fa olan ba\u011fl\u0131l\u0131\u011f\u0131 b\u00fcnyesinde bar\u0131nd\u0131r\u0131yor. Kurulu\u015fun ekibi, \u00e7evresel etkiyi en aza indirirken sudaki t\u00fcrleri besleyen yemler olu\u015fturmak i\u00e7in en son teknolojiyi, titiz ara\u015ft\u0131rma ve geli\u015ftirmeyi ve \u00e7evreye duyarl\u0131 uygulamalar\u0131 entegre ediyor. \nSekt\u00f6re yeni giren Demarine, payda\u015flarla i\u015fbirli\u011fi i\u00e7inde yeni bir m\u00fckemmellik standard\u0131 olu\u015fturmay\u0131 hedefliyor. \u015eirket, s\u00fcrd\u00fcr\u00fclebilirlik ve inovasyonun tamamlay\u0131c\u0131 oldu\u011fu, daha sa\u011fl\u0131kl\u0131 ekosistemlerin ve gelecek nesiller i\u00e7in daha bol, s\u00fcrd\u00fcr\u00fclebilir deniz \u00fcr\u00fcnlerinin te\u015fvik edildi\u011fi bir gelecek yaratma \u00e7abalar\u0131na kat\u0131l\u0131m\u0131 davet ediyor.\n<\/p>\n\t\t\t\t<\/div>\n\t\t\t\n\t\t\t\t\t<\/div>\n\t\t\t\t\t\t<\/div>\n\t\t\t\t<\/div>\n\t\t\t\t\t<\/div>\n\t\t\t\t<\/div>\n\t\t\t\t<\/div>\n\t\t","protected":false},"excerpt":{"rendered":"<p>M\u0130SYON Bu heyecan verici yolculu\u011fa \u00e7\u0131kt\u0131\u011f\u0131m\u0131zda misyonumuz a\u00e7\u0131k: gelece\u011fin su \u00fcr\u00fcnleri yeti\u015ftiricili\u011finin sa\u011fl\u0131\u011f\u0131n\u0131 ve b\u00fcy\u00fcmesini destekleyen yenilik\u00e7i, y\u00fcksek kaliteli yem<\/p>\n","protected":false},"author":1,"featured_media":0,"parent":0,"menu_order":0,"comment_status":"closed","ping_status":"closed","template":"","meta":{"footnotes":""},"class_list":["post-15612","page","type-page","status-publish","hentry"],"_links":{"self":[{"href":"https:\/\/www.demarine.net\/index.php\/wp-json\/wp\/v2\/pages\/15612","targetHints":{"allow":["GET"]}}],"collection":[{"href":"https:\/\/www.demarine.net\/index.php\/wp-json\/wp\/v2\/pages"}],"about":[{"href":"https:\/\/www.demarine.net\/index.php\/wp-json\/wp\/v2\/types\/page"}],"author":[{"embeddable":true,"href":"https:\/\/www.demarine.net\/index.php\/wp-json\/wp\/v2\/users\/1"}],"replies":[{"embeddable":true,"href":"https:\/\/www.demarine.net\/index.php\/wp-json\/wp\/v2\/comments?post=15612"}],"version-history":[{"count":7,"href":"https:\/\/www.demarine.net\/index.php\/wp-json\/wp\/v2\/pages\/15612\/revisions"}],"predecessor-version":[{"id":15621,"href":"https:\/\/www.demarine.net\/index.php\/wp-json\/wp\/v2\/pages\/15612\/revisions\/15621"}],"wp:attachment":[{"href":"https:\/\/www.demarine.net\/index.php\/wp-json\/wp\/v2\/media?parent=15612"}],"curies":[{"name":"wp","href":"https:\/\/api.w.org\/{rel}","templated":true}]}}