{"id":4400,"date":"2021-10-12T15:51:09","date_gmt":"2021-10-12T15:51:09","guid":{"rendered":"http:\/\/dummy.xtemos.com\/woodmart2\/elementor\/?page_id=4400"},"modified":"2026-01-23T16:15:25","modified_gmt":"2026-01-23T13:15:25","slug":"hakkimizda","status":"publish","type":"page","link":"https:\/\/www.demarine.net\/index.php\/hakkimizda\/","title":{"rendered":"Hakk\u0131m\u0131zda"},"content":{"rendered":"\t\t<div data-elementor-type=\"wp-page\" data-elementor-id=\"4400\" class=\"elementor elementor-4400\" data-elementor-settings=\"{&quot;ha_cmc_init_switcher&quot;:&quot;no&quot;}\" data-elementor-post-type=\"page\">\n\t\t\t\t<div class=\"wd-negative-gap elementor-element elementor-element-fd6550d e-flex e-con-boxed e-con e-parent\" data-id=\"fd6550d\" data-element_type=\"container\" data-settings=\"{&quot;_ha_eqh_enable&quot;:false}\">\n\t\t\t\t\t<div class=\"e-con-inner\">\n\t\t<div class=\"elementor-element elementor-element-1795413 e-con-full e-flex e-con e-child\" data-id=\"1795413\" data-element_type=\"container\" data-settings=\"{&quot;_ha_eqh_enable&quot;:false}\">\n\t\t\t\t<div class=\"elementor-element elementor-element-56aec39 elementor-widget elementor-widget-wd_image_or_svg\" data-id=\"56aec39\" data-element_type=\"widget\" data-widget_type=\"wd_image_or_svg.default\">\n\t\t\t\t<div class=\"elementor-widget-container\">\n\t\t\t\t\t\n\t\t<div class=\"wd-image text-left\">\n\t\t\t\t\t\t\t\t<img fetchpriority=\"high\" decoding=\"async\" width=\"2560\" height=\"2560\" src=\"https:\/\/www.demarine.net\/wp-content\/uploads\/2025\/04\/1-1-scaled.jpg\" class=\"attachment-full size-full\" alt=\"\" srcset=\"https:\/\/www.demarine.net\/wp-content\/uploads\/2025\/04\/1-1-scaled.jpg 2560w, https:\/\/www.demarine.net\/wp-content\/uploads\/2025\/04\/1-1-300x300.jpg 300w, https:\/\/www.demarine.net\/wp-content\/uploads\/2025\/04\/1-1-800x800.jpg 800w, https:\/\/www.demarine.net\/wp-content\/uploads\/2025\/04\/1-1-150x150.jpg 150w, https:\/\/www.demarine.net\/wp-content\/uploads\/2025\/04\/1-1-768x768.jpg 768w, https:\/\/www.demarine.net\/wp-content\/uploads\/2025\/04\/1-1-1536x1536.jpg 1536w, https:\/\/www.demarine.net\/wp-content\/uploads\/2025\/04\/1-1-2048x2048.jpg 2048w, https:\/\/www.demarine.net\/wp-content\/uploads\/2025\/04\/1-1-430x430.jpg 430w, https:\/\/www.demarine.net\/wp-content\/uploads\/2025\/04\/1-1-700x700.jpg 700w\" sizes=\"(max-width: 2560px) 100vw, 2560px\" \/>\t\t\t\t\t<\/div>\n\n\t\t\t\t\t\t<\/div>\n\t\t\t\t<\/div>\n\t\t\t\t<\/div>\n\t\t<div class=\"elementor-element elementor-element-fbb437b e-con-full e-flex e-con e-child\" data-id=\"fbb437b\" data-element_type=\"container\" data-settings=\"{&quot;_ha_eqh_enable&quot;:false}\">\n\t\t\t\t<div class=\"elementor-element elementor-element-a8e7658 ha-infobox-media-dir-top elementor-widget elementor-widget-ha-infobox happy-addon ha-infobox\" data-id=\"a8e7658\" data-element_type=\"widget\" data-widget_type=\"ha-infobox.default\">\n\t\t\t\t<div class=\"elementor-widget-container\">\n\t\t\t\t\t\n\t\t\t\t\t<figure class=\"ha-infobox-figure ha-infobox-figure--icon\">\n\t\t\t\t<i aria-hidden=\"true\" class=\"huge huge-factory-01\"><\/i>\t\t\t<\/figure>\n\t\t\n\t\t<div class=\"ha-infobox-body\">\n\t\t\t<h2 class=\"ha-infobox-title\">HAKKIMIZDA<\/h2>\n\t\t\t\t\t\t\t<div class=\"ha-infobox-text\">\n\t\t\t\t\t<p><span style=\"font-size: 14px\">1970 y\u0131l\u0131nda Deniz De\u011firmen ad\u0131yla yola \u00e7\u0131kan \u00c7ukurova Silo,<\/span>yar\u0131m asr\u0131 a\u015fan k\u00f6kl\u00fc deneyimi, yenilik\u00e7i vizyonu ve g\u00fc\u00e7l\u00fc m\u00fchendislik\naltyap\u0131s\u0131yla bug\u00fcn d\u00fcnya \u00e7ap\u0131nda g\u00fcven duyulan bir marka konumuna ula\u015fm\u0131\u015ft\u0131r. 1999 y\u0131l\u0131nda T\u00fcrkiye\u2019nin ilk \u00e7elik silosunu \u00fcreterek sekt\u00f6rdeki \u00f6nc\u00fcl\u00fc\u011f\u00fcn\u00fc kan\u0131tlayan firmam\u0131z, ge\u00e7en y\u0131llar i\u00e7erisinde kalite, teknoloji ve \u00fcretim g\u00fcc\u00fcn\u00fc s\u00fcrekli art\u0131rm\u0131\u015f; bug\u00fcn 100\u2019den fazla \u00fclkeye ula\u015ft\u0131rd\u0131\u011f\u0131 projelerle global\n\u00f6l\u00e7ekte g\u00fcvenilirli\u011fini ve ba\u015far\u0131s\u0131n\u0131 ispatlam\u0131\u015ft\u0131r. Yeni yat\u0131r\u0131mlar\u0131yla su\n\u00fcr\u00fcnleri sekt\u00f6r\u00fcne de ad\u0131m atan \u00c7ukurova Silo, Demarine markas\u0131 alt\u0131nda\nsekt\u00f6r\u00fcn gelece\u011fine y\u00f6n veren markalardan biri olmay\u0131 hedeflemektedir.\n\n<span style=\"font-size: 14px\">Demarine ile bal\u0131k yemi sekt\u00f6r\u00fcne ad\u0131m atarken amac\u0131m\u0131z <\/span><span style=\"font-size: 14px\">s\u0131radan bir \u00fcretici olmak de\u011fil, kaliteyi gelece\u011fe ta\u015f\u0131yacak bir anlay\u0131\u015f ortaya <\/span><span style=\"font-size: 14px\">koymakt\u0131r. Bu yolda sekt\u00f6r\u00fc en ince ayr\u0131nt\u0131s\u0131na kadar analiz ederek yaln\u0131zca <\/span><span style=\"font-size: 14px\">mevcut ihtiya\u00e7lar\u0131 de\u011fil, gelece\u011fin beklentilerini de do\u011fru okuyabilen bir <\/span><span style=\"font-size: 14px\">perspektif geli\u015ftirdik. Bu vizyon do\u011frultusunda, farkl\u0131 disiplinlerde <\/span><span style=\"font-size: 14px\">uzmanla\u015fm\u0131\u015f, ulusal ve uluslararas\u0131 alanda deneyim kazanm\u0131\u015f, i\u015finde en <\/span><span style=\"font-size: 14px\">iyilerden olu\u015fan g\u00fc\u00e7l\u00fc bir ekip kurduk. Birikimlerini ve yenilik\u00e7i bak\u0131\u015f a\u00e7\u0131lar\u0131n\u0131 <\/span><span style=\"font-size: 14px\">ayn\u0131 hedef etraf\u0131nda birle\u015ftiren bu kadro, Ar-Ge \u00e7al\u0131\u015fmalar\u0131m\u0131z\u0131 ve \u00fcretim <\/span><span style=\"font-size: 14px\">s\u00fcre\u00e7lerimizi s\u00fcrekli ileriye ta\u015f\u0131yacak en de\u011ferli g\u00fcc\u00fcm\u00fczd\u00fcr. T\u00fcrkiye\u2019nin ilk <\/span><span style=\"font-size: 14px\">bal\u0131k yemi Ar-Ge tesisini kurarak, sekt\u00f6rdeki vizyonumuzu daha ilk g\u00fcnden <\/span><span style=\"font-size: 14px\">farkl\u0131 bir noktaya ta\u015f\u0131yoruz. \u00dcretece\u011fimiz yemlerde bal\u0131k sa\u011fl\u0131\u011f\u0131n\u0131, \u00e7evreye <\/span><span style=\"font-size: 14px\">duyarl\u0131l\u0131\u011f\u0131 ve verimlili\u011fi \u00f6n planda tutarken, hedefimiz k\u0131sa<\/span>\n\n\n\n\n<span style=\",sans-serif\"><\/span>\n\n<\/p>\n\t\t\t\t<\/div>\n\t\t\t\n\t\t\t\t\t<\/div>\n\t\t\t\t\t\t<\/div>\n\t\t\t\t<\/div>\n\t\t\t\t<\/div>\n\t\t\t\t\t<\/div>\n\t\t\t\t<\/div>\n\t\t<div class=\"wd-negative-gap elementor-element elementor-element-077ef0e e-flex e-con-boxed e-con e-parent\" data-id=\"077ef0e\" data-element_type=\"container\" data-settings=\"{&quot;_ha_eqh_enable&quot;:false}\">\n\t\t\t\t\t<div class=\"e-con-inner\">\n\t\t\t\t\t<\/div>\n\t\t\t\t<\/div>\n\t\t\t\t<\/div>\n\t\t","protected":false},"excerpt":{"rendered":"<p>HAKKIMIZDA 1970 y\u0131l\u0131nda Deniz De\u011firmen ad\u0131yla yola \u00e7\u0131kan \u00c7ukurova Silo,yar\u0131m asr\u0131 a\u015fan k\u00f6kl\u00fc deneyimi, yenilik\u00e7i vizyonu ve g\u00fc\u00e7l\u00fc m\u00fchendislik altyap\u0131s\u0131yla<\/p>\n","protected":false},"author":1,"featured_media":0,"parent":0,"menu_order":0,"comment_status":"closed","ping_status":"closed","template":"","meta":{"footnotes":""},"class_list":["post-4400","page","type-page","status-publish","hentry"],"_links":{"self":[{"href":"https:\/\/www.demarine.net\/index.php\/wp-json\/wp\/v2\/pages\/4400","targetHints":{"allow":["GET"]}}],"collection":[{"href":"https:\/\/www.demarine.net\/index.php\/wp-json\/wp\/v2\/pages"}],"about":[{"href":"https:\/\/www.demarine.net\/index.php\/wp-json\/wp\/v2\/types\/page"}],"author":[{"embeddable":true,"href":"https:\/\/www.demarine.net\/index.php\/wp-json\/wp\/v2\/users\/1"}],"replies":[{"embeddable":true,"href":"https:\/\/www.demarine.net\/index.php\/wp-json\/wp\/v2\/comments?post=4400"}],"version-history":[{"count":11,"href":"https:\/\/www.demarine.net\/index.php\/wp-json\/wp\/v2\/pages\/4400\/revisions"}],"predecessor-version":[{"id":15848,"href":"https:\/\/www.demarine.net\/index.php\/wp-json\/wp\/v2\/pages\/4400\/revisions\/15848"}],"wp:attachment":[{"href":"https:\/\/www.demarine.net\/index.php\/wp-json\/wp\/v2\/media?parent=4400"}],"curies":[{"name":"wp","href":"https:\/\/api.w.org\/{rel}","templated":true}]}}